{"id":6,"date":"2023-02-14T11:43:25","date_gmt":"2023-02-14T11:43:25","guid":{"rendered":"https:\/\/www.mangostorm.co.uk\/blanca\/dev\/?page_id=6"},"modified":"2023-03-06T10:31:35","modified_gmt":"2023-03-06T10:31:35","slug":"home","status":"publish","type":"page","link":"https:\/\/www.plazablancasotogrande.com\/es\/","title":{"rendered":"BIENVENIDOS A PLAZA BLANCA SOTOGRANDE"},"content":{"rendered":"<h3>C\u00d3MO ENCONTRARNOS<\/h3>\n<p>Nuestra direcci\u00f3n es Plaza Blanca Sotogrande, Galer\u00edas Paniagua, sn. 11310, San Roque, C\u00e1diz, Espa\u00f1a.<\/p>\n<p>Desde la entrada principal de la urbanizaci\u00f3n de Sotogrande por el supermercado Supercor, siga la carretera a lo largo de la Av. de Paniagua hasta llegar al cartel verde de Farmacia. Tome este giro a la derecha. Plaza Blanca est\u00e1 en el lado derecho de la carretera, justo atr\u00e1s de los \u00e1rboles frente al restaurante italiano Lombardo&#8217;s.<\/p>\n<p>Puedes estacionar en el estacionamiento de las Galer\u00edas o mediante el sistema de un s\u00f3lo sentido en Plaza Blanca en el frente y en la parte trasera de los edificios o debajo de los \u00e1rboles. Los portabicicletas estar\u00e1n disponibles pronto.<\/p>\n","protected":false},"excerpt":{"rendered":"<p>C\u00d3MO ENCONTRARNOS Nuestra direcci\u00f3n es Plaza Blanca Sotogrande, Galer\u00edas Paniagua, sn. 11310, San Roque, C\u00e1diz, Espa\u00f1a. Desde la entrada principal de la urbanizaci\u00f3n de Sotogrande por el supermercado Supercor, siga la carretera a lo largo de la Av. de Paniagua hasta llegar al cartel verde de Farmacia. Tome este giro a la derecha. Plaza Blanca&hellip; <a class=\"more-link\" href=\"https:\/\/www.plazablancasotogrande.com\/es\/\">Continue reading <span class=\"screen-reader-text\">BIENVENIDOS A PLAZA BLANCA SOTOGRANDE<\/span><\/a><\/p>\n","protected":false},"author":1,"featured_media":111,"parent":0,"menu_order":0,"comment_status":"closed","ping_status":"closed","template":"template-parts\/template-home.php","meta":{"footnotes":""},"class_list":["post-6","page","type-page","status-publish","has-post-thumbnail","hentry","entry"],"translation":{"provider":"WPGlobus","version":"3.0.0","language":"es","enabled_languages":["en","es"],"languages":{"en":{"title":true,"content":true,"excerpt":false},"es":{"title":true,"content":true,"excerpt":false}}},"_links":{"self":[{"href":"https:\/\/www.plazablancasotogrande.com\/es\/wp-json\/wp\/v2\/pages\/6","targetHints":{"allow":["GET"]}}],"collection":[{"href":"https:\/\/www.plazablancasotogrande.com\/es\/wp-json\/wp\/v2\/pages"}],"about":[{"href":"https:\/\/www.plazablancasotogrande.com\/es\/wp-json\/wp\/v2\/types\/page"}],"author":[{"embeddable":true,"href":"https:\/\/www.plazablancasotogrande.com\/es\/wp-json\/wp\/v2\/users\/1"}],"replies":[{"embeddable":true,"href":"https:\/\/www.plazablancasotogrande.com\/es\/wp-json\/wp\/v2\/comments?post=6"}],"version-history":[{"count":11,"href":"https:\/\/www.plazablancasotogrande.com\/es\/wp-json\/wp\/v2\/pages\/6\/revisions"}],"predecessor-version":[{"id":127,"href":"https:\/\/www.plazablancasotogrande.com\/es\/wp-json\/wp\/v2\/pages\/6\/revisions\/127"}],"wp:featuredmedia":[{"embeddable":true,"href":"https:\/\/www.plazablancasotogrande.com\/es\/wp-json\/wp\/v2\/media\/111"}],"wp:attachment":[{"href":"https:\/\/www.plazablancasotogrande.com\/es\/wp-json\/wp\/v2\/media?parent=6"}],"curies":[{"name":"wp","href":"https:\/\/api.w.org\/{rel}","templated":true}]}}