{"id":55,"date":"2023-02-17T09:50:21","date_gmt":"2023-02-17T09:50:21","guid":{"rendered":"https:\/\/www.mangostorm.co.uk\/blanca\/dev\/?page_id=55"},"modified":"2024-11-05T12:30:48","modified_gmt":"2024-11-05T12:30:48","slug":"rent-a-space","status":"publish","type":"page","link":"https:\/\/www.plazablancasotogrande.com\/es\/rent-a-space\/","title":{"rendered":"ESPACIOS"},"content":{"rendered":"<div class=\"col-lg-9 col-md-9 dflex align-items-stretch\">\n<h2>Brooks Sotogrande<\/h2>\n<p>Brooks Sotogrande SL. fue formado en 2022 por Carla y Andrew Brooks. Se han adquirido 70 unidades comerciales en Plaza Blanca. <\/p>\n<p>Tenemos una selecci\u00f3n de tiendas, oficinas y espacios comerciales que podr\u00edan adaptarse a sus necesidades. <\/p>\n<p>Plaza Blanca se encuentra justo detr\u00e1s de Galer\u00edas Paniagua en la zona Costa de Sotogrande. El programa de mantenimiento y renovaci\u00f3n comenzar\u00e1 en Plaza Blanca en la primavera de 2023. <\/p>\n<p>Para consultas por favor env\u00ede un correo electr\u00f3nico a <a href=\"mailto:propiedad@brookssoto.com\">propiedad@brookssoto.com<\/a>\n<\/div>\n<div class=\"col-lg-3 col-md-6 d-flex align-items-stretch\">\n<div class=\"iconbox\">\n              <img fetchpriority=\"high\" decoding=\"async\" width=\"280\" height=\"280\" src=\"https:\/\/www.plazablancasotogrande.com\/wp-content\/uploads\/2024\/11\/qr-code-new.png\" alt=\"QR CODE\">\n            <\/div>\n<\/p><\/div>\n","protected":false},"excerpt":{"rendered":"<p>Brooks Sotogrande Brooks Sotogrande SL. fue formado en 2022 por Carla y Andrew Brooks. Se han adquirido 70 unidades comerciales en Plaza Blanca. Tenemos una selecci\u00f3n de tiendas, oficinas y espacios comerciales que podr\u00edan adaptarse a sus necesidades. Plaza Blanca se encuentra justo detr\u00e1s de Galer\u00edas Paniagua en la zona Costa de Sotogrande. El programa&hellip; <a class=\"more-link\" href=\"https:\/\/www.plazablancasotogrande.com\/es\/rent-a-space\/\">Continue reading <span class=\"screen-reader-text\">ESPACIOS<\/span><\/a><\/p>\n","protected":false},"author":1,"featured_media":0,"parent":0,"menu_order":0,"comment_status":"closed","ping_status":"closed","template":"","meta":{"footnotes":""},"class_list":["post-55","page","type-page","status-publish","hentry","entry"],"translation":{"provider":"WPGlobus","version":"3.0.0","language":"es","enabled_languages":["en","es"],"languages":{"en":{"title":true,"content":true,"excerpt":false},"es":{"title":true,"content":true,"excerpt":false}}},"_links":{"self":[{"href":"https:\/\/www.plazablancasotogrande.com\/es\/wp-json\/wp\/v2\/pages\/55","targetHints":{"allow":["GET"]}}],"collection":[{"href":"https:\/\/www.plazablancasotogrande.com\/es\/wp-json\/wp\/v2\/pages"}],"about":[{"href":"https:\/\/www.plazablancasotogrande.com\/es\/wp-json\/wp\/v2\/types\/page"}],"author":[{"embeddable":true,"href":"https:\/\/www.plazablancasotogrande.com\/es\/wp-json\/wp\/v2\/users\/1"}],"replies":[{"embeddable":true,"href":"https:\/\/www.plazablancasotogrande.com\/es\/wp-json\/wp\/v2\/comments?post=55"}],"version-history":[{"count":39,"href":"https:\/\/www.plazablancasotogrande.com\/es\/wp-json\/wp\/v2\/pages\/55\/revisions"}],"predecessor-version":[{"id":348,"href":"https:\/\/www.plazablancasotogrande.com\/es\/wp-json\/wp\/v2\/pages\/55\/revisions\/348"}],"wp:attachment":[{"href":"https:\/\/www.plazablancasotogrande.com\/es\/wp-json\/wp\/v2\/media?parent=55"}],"curies":[{"name":"wp","href":"https:\/\/api.w.org\/{rel}","templated":true}]}}