{"id":16,"date":"2023-02-15T07:40:56","date_gmt":"2023-02-15T07:40:56","guid":{"rendered":"https:\/\/www.mangostorm.co.uk\/blanca\/dev\/?page_id=16"},"modified":"2023-03-06T09:31:32","modified_gmt":"2023-03-06T09:31:32","slug":"about-us","status":"publish","type":"page","link":"https:\/\/www.plazablancasotogrande.com\/es\/about-us\/","title":{"rendered":"Sobre Nosotros"},"content":{"rendered":"<p>Plaza Blanca es un centro comercial independiente ubicado en Sotogrande, una hermosa y soleada urbanizaci\u00f3n en la Costa del Sol. Sotogrande se encuentra a una hora y media del aeropuerto de M\u00e1laga y a 30 minutos del aeropuerto de Gibraltar.<\/p>\n<p>Plaza Blanca tiene una colecci\u00f3n de cafeter\u00edas independientes, restaurantes, oficinas y boutiques ubicadas en el coraz\u00f3n de Sotogrande Costa detr\u00e1s de las Galer\u00edas Paniagua.<\/p>\n<p>Este centro comercial tiene una sensaci\u00f3n pintoresca de pueblo, pero ha estado abandonado durante treinta a\u00f1os y ahora Carla &#038; Andrew Brooks, una empresa familiar independiente, lo resucitar\u00e1n en 2023\/2024.<\/p>\n<p>Acomp\u00e1\u00f1anos mientras reparamos, pintamos y le damos a estos hermosos edificios el amor y cuidado que tanto necesitan. Nuestro objetivo es traer negocios y energ\u00eda fresca al coraz\u00f3n de Sotogrande Costa. Si est\u00e1 interesado\/a en alquilar un espacio, p\u00f3ngase en contacto con nosotros.<\/p>\n","protected":false},"excerpt":{"rendered":"<p>Plaza Blanca es un centro comercial independiente ubicado en Sotogrande, una hermosa y soleada urbanizaci\u00f3n en la Costa del Sol. Sotogrande se encuentra a una hora y media del aeropuerto de M\u00e1laga y a 30 minutos del aeropuerto de Gibraltar. Plaza Blanca tiene una colecci\u00f3n de cafeter\u00edas independientes, restaurantes, oficinas y boutiques ubicadas en el&hellip; <a class=\"more-link\" href=\"https:\/\/www.plazablancasotogrande.com\/es\/about-us\/\">Continue reading <span class=\"screen-reader-text\">Sobre Nosotros<\/span><\/a><\/p>\n","protected":false},"author":1,"featured_media":0,"parent":0,"menu_order":0,"comment_status":"closed","ping_status":"closed","template":"template-parts\/template-about.php","meta":{"footnotes":""},"class_list":["post-16","page","type-page","status-publish","hentry","entry"],"translation":{"provider":"WPGlobus","version":"3.0.0","language":"es","enabled_languages":["en","es"],"languages":{"en":{"title":true,"content":true,"excerpt":false},"es":{"title":true,"content":true,"excerpt":false}}},"_links":{"self":[{"href":"https:\/\/www.plazablancasotogrande.com\/es\/wp-json\/wp\/v2\/pages\/16","targetHints":{"allow":["GET"]}}],"collection":[{"href":"https:\/\/www.plazablancasotogrande.com\/es\/wp-json\/wp\/v2\/pages"}],"about":[{"href":"https:\/\/www.plazablancasotogrande.com\/es\/wp-json\/wp\/v2\/types\/page"}],"author":[{"embeddable":true,"href":"https:\/\/www.plazablancasotogrande.com\/es\/wp-json\/wp\/v2\/users\/1"}],"replies":[{"embeddable":true,"href":"https:\/\/www.plazablancasotogrande.com\/es\/wp-json\/wp\/v2\/comments?post=16"}],"version-history":[{"count":15,"href":"https:\/\/www.plazablancasotogrande.com\/es\/wp-json\/wp\/v2\/pages\/16\/revisions"}],"predecessor-version":[{"id":124,"href":"https:\/\/www.plazablancasotogrande.com\/es\/wp-json\/wp\/v2\/pages\/16\/revisions\/124"}],"wp:attachment":[{"href":"https:\/\/www.plazablancasotogrande.com\/es\/wp-json\/wp\/v2\/media?parent=16"}],"curies":[{"name":"wp","href":"https:\/\/api.w.org\/{rel}","templated":true}]}}